{"id":132,"date":"2018-11-13T14:45:20","date_gmt":"2018-11-13T14:45:20","guid":{"rendered":"https:\/\/themes.getmotopress.com\/palmeria\/?page_id=132"},"modified":"2022-03-20T13:04:31","modified_gmt":"2022-03-20T13:04:31","slug":"our-restaurant","status":"publish","type":"page","link":"https:\/\/elalamoplaya.com\/hostal\/our-restaurant\/","title":{"rendered":"Our Cocktail and Shisha Bar"},"content":{"rendered":"\n<p class=\"has-text-align-center\">Our Cocktail and Shisha Bar is the best place to enjoy your brakes and having fun with friends and family. The most admired and exquisite cocktails around. Outstanding service. Pure enjoyment. <\/p>\n\n\n\n<p class=\"has-text-align-center\">Nuestro Cocktail and Shisha Bar its el mejor sitio para disfrutar tu tiempo libre y divertirte con amigos y familia. Los mejores c\u00f3cteles de la zona y al mejor precio!. Un servicio excelente y mucha diversi\u00f3n! Ven a visitarnos!<br><\/p>\n\n\n\n<div style=\"height:100px\" aria-hidden=\"true\" class=\"wp-block-spacer\"><\/div>\n\n\n\n<div class=\"wp-block-media-text is-stacked-on-mobile\"><figure class=\"wp-block-media-text__media\"><img loading=\"lazy\" decoding=\"async\" width=\"1024\" height=\"576\" src=\"https:\/\/elalamoplaya.com\/hostal\/wp-content\/uploads\/2022\/03\/22529d76-1632-4ee6-88ad-f3ef48e5d04b-1024x576.jpeg\" alt=\"Cocktail bar\" class=\"wp-image-1003 size-full\" srcset=\"https:\/\/elalamoplaya.com\/hostal\/wp-content\/uploads\/2022\/03\/22529d76-1632-4ee6-88ad-f3ef48e5d04b-1024x576.jpeg 1024w, https:\/\/elalamoplaya.com\/hostal\/wp-content\/uploads\/2022\/03\/22529d76-1632-4ee6-88ad-f3ef48e5d04b-300x169.jpeg 300w, https:\/\/elalamoplaya.com\/hostal\/wp-content\/uploads\/2022\/03\/22529d76-1632-4ee6-88ad-f3ef48e5d04b-768x432.jpeg 768w, https:\/\/elalamoplaya.com\/hostal\/wp-content\/uploads\/2022\/03\/22529d76-1632-4ee6-88ad-f3ef48e5d04b-1536x864.jpeg 1536w, https:\/\/elalamoplaya.com\/hostal\/wp-content\/uploads\/2022\/03\/22529d76-1632-4ee6-88ad-f3ef48e5d04b-892x502.jpeg 892w, https:\/\/elalamoplaya.com\/hostal\/wp-content\/uploads\/2022\/03\/22529d76-1632-4ee6-88ad-f3ef48e5d04b.jpeg 1600w\" sizes=\"auto, (max-width: 1024px) 100vw, 1024px\" \/><\/figure><div class=\"wp-block-media-text__content\">\n<h3 class=\"wp-block-heading\" id=\"mce_1\">Nuestro C\u00f3ctel &amp; Shisha <a href=\"https:\/\/www.facebook.com\/ElAlamoCocktailBar\/\">Bar<\/a> <\/h3>\n\n\n\n<p>En la planta baja de nuestro edificio disponemos de una terraza acogedora, con vegetaci\u00f3n, c\u00f3modos sillones y m\u00fasica ambiente. D\u00e9jate seducir por los impresionantes sabores de los c\u00f3cteles de nuestro Barman.<\/p>\n\n\n\n<p>Comprueba lo que <a href=\"https:\/\/es.restaurantguru.com\/Restaurante-El-Alamo-LAntilla-Islantilla-2\">dicen<\/a> de nosotros en estos <a href=\"https:\/\/el-alamo-cocktail-shisha-bar.business.site\/?utm_source=restaurantguru&amp;utm_medium=referral\">enlaces<\/a> \ud83d\ude42<\/p>\n<\/div><\/div>\n\n\n\n<div style=\"height:100px\" aria-hidden=\"true\" class=\"wp-block-spacer\"><\/div>\n\n\n\n<div class=\"wp-block-media-text is-stacked-on-mobile\"><figure class=\"wp-block-media-text__media\"><img loading=\"lazy\" decoding=\"async\" width=\"819\" height=\"1024\" src=\"https:\/\/elalamoplaya.com\/hostal\/wp-content\/uploads\/2022\/03\/65695960_2397512763870801_4487877495856562176_n-819x1024.jpg\" alt=\"\" class=\"wp-image-1016 size-full\" srcset=\"https:\/\/elalamoplaya.com\/hostal\/wp-content\/uploads\/2022\/03\/65695960_2397512763870801_4487877495856562176_n-819x1024.jpg 819w, https:\/\/elalamoplaya.com\/hostal\/wp-content\/uploads\/2022\/03\/65695960_2397512763870801_4487877495856562176_n-240x300.jpg 240w, https:\/\/elalamoplaya.com\/hostal\/wp-content\/uploads\/2022\/03\/65695960_2397512763870801_4487877495856562176_n-768x960.jpg 768w, https:\/\/elalamoplaya.com\/hostal\/wp-content\/uploads\/2022\/03\/65695960_2397512763870801_4487877495856562176_n-892x1115.jpg 892w, https:\/\/elalamoplaya.com\/hostal\/wp-content\/uploads\/2022\/03\/65695960_2397512763870801_4487877495856562176_n.jpg 1080w\" sizes=\"auto, (max-width: 819px) 100vw, 819px\" \/><\/figure><div class=\"wp-block-media-text__content\">\n<p class=\"has-large-font-size\"><\/p>\n<\/div><\/div>\n\n\n\n<div style=\"height:100px\" aria-hidden=\"true\" class=\"wp-block-spacer\"><\/div>\n\n\n\n<div class=\"wp-block-media-text is-stacked-on-mobile\"><figure class=\"wp-block-media-text__media\"><img loading=\"lazy\" decoding=\"async\" width=\"819\" height=\"1024\" src=\"https:\/\/elalamoplaya.com\/hostal\/wp-content\/uploads\/2022\/03\/36736344_2135367973418616_5615767570285068288_n-819x1024.jpg\" alt=\"\" class=\"wp-image-1013 size-full\" srcset=\"https:\/\/elalamoplaya.com\/hostal\/wp-content\/uploads\/2022\/03\/36736344_2135367973418616_5615767570285068288_n-819x1024.jpg 819w, https:\/\/elalamoplaya.com\/hostal\/wp-content\/uploads\/2022\/03\/36736344_2135367973418616_5615767570285068288_n-240x300.jpg 240w, https:\/\/elalamoplaya.com\/hostal\/wp-content\/uploads\/2022\/03\/36736344_2135367973418616_5615767570285068288_n-768x960.jpg 768w, https:\/\/elalamoplaya.com\/hostal\/wp-content\/uploads\/2022\/03\/36736344_2135367973418616_5615767570285068288_n-892x1115.jpg 892w, https:\/\/elalamoplaya.com\/hostal\/wp-content\/uploads\/2022\/03\/36736344_2135367973418616_5615767570285068288_n.jpg 960w\" sizes=\"auto, (max-width: 819px) 100vw, 819px\" \/><\/figure><div class=\"wp-block-media-text__content\">\n<p class=\"has-large-font-size\"><\/p>\n<\/div><\/div>\n\n\n\n<div style=\"height:100px\" aria-hidden=\"true\" class=\"wp-block-spacer\"><\/div>\n\n\n\n<div class=\"wp-block-media-text is-stacked-on-mobile\"><figure class=\"wp-block-media-text__media\"><img loading=\"lazy\" decoding=\"async\" width=\"819\" height=\"1024\" src=\"https:\/\/elalamoplaya.com\/hostal\/wp-content\/uploads\/2022\/03\/36745602_2136051543350259_1674760859999535104_n-819x1024.jpg\" alt=\"\" class=\"wp-image-1015 size-full\" srcset=\"https:\/\/elalamoplaya.com\/hostal\/wp-content\/uploads\/2022\/03\/36745602_2136051543350259_1674760859999535104_n-819x1024.jpg 819w, https:\/\/elalamoplaya.com\/hostal\/wp-content\/uploads\/2022\/03\/36745602_2136051543350259_1674760859999535104_n-240x300.jpg 240w, https:\/\/elalamoplaya.com\/hostal\/wp-content\/uploads\/2022\/03\/36745602_2136051543350259_1674760859999535104_n-768x960.jpg 768w, https:\/\/elalamoplaya.com\/hostal\/wp-content\/uploads\/2022\/03\/36745602_2136051543350259_1674760859999535104_n-892x1115.jpg 892w, https:\/\/elalamoplaya.com\/hostal\/wp-content\/uploads\/2022\/03\/36745602_2136051543350259_1674760859999535104_n.jpg 1080w\" sizes=\"auto, (max-width: 819px) 100vw, 819px\" \/><\/figure><div class=\"wp-block-media-text__content\">\n<p class=\"has-large-font-size\"><\/p>\n<\/div><\/div>\n","protected":false},"excerpt":{"rendered":"<p>Our Cocktail and Shisha Bar is the best place to enjoy your brakes and having fun with friends and family. The most admired and exquisite cocktails around. Outstanding service. Pure enjoyment. Nuestro Cocktail and Shisha Bar its el mejor sitio para disfrutar tu tiempo libre y divertirte con amigos y familia. Los mejores c\u00f3cteles de [&hellip;]<\/p>\n","protected":false},"author":1,"featured_media":68,"parent":0,"menu_order":0,"comment_status":"closed","ping_status":"closed","template":"template-wide-page.php","meta":{"om_disable_all_campaigns":false,"_monsterinsights_skip_tracking":false,"_monsterinsights_sitenote_active":false,"_monsterinsights_sitenote_note":"","_monsterinsights_sitenote_category":0,"_uf_show_specific_survey":0,"_uf_disable_surveys":false,"footnotes":""},"class_list":["post-132","page","type-page","status-publish","has-post-thumbnail","hentry"],"aioseo_notices":[],"_links":{"self":[{"href":"https:\/\/elalamoplaya.com\/hostal\/wp-json\/wp\/v2\/pages\/132","targetHints":{"allow":["GET"]}}],"collection":[{"href":"https:\/\/elalamoplaya.com\/hostal\/wp-json\/wp\/v2\/pages"}],"about":[{"href":"https:\/\/elalamoplaya.com\/hostal\/wp-json\/wp\/v2\/types\/page"}],"author":[{"embeddable":true,"href":"https:\/\/elalamoplaya.com\/hostal\/wp-json\/wp\/v2\/users\/1"}],"replies":[{"embeddable":true,"href":"https:\/\/elalamoplaya.com\/hostal\/wp-json\/wp\/v2\/comments?post=132"}],"version-history":[{"count":6,"href":"https:\/\/elalamoplaya.com\/hostal\/wp-json\/wp\/v2\/pages\/132\/revisions"}],"predecessor-version":[{"id":1019,"href":"https:\/\/elalamoplaya.com\/hostal\/wp-json\/wp\/v2\/pages\/132\/revisions\/1019"}],"wp:featuredmedia":[{"embeddable":true,"href":"https:\/\/elalamoplaya.com\/hostal\/wp-json\/wp\/v2\/media\/68"}],"wp:attachment":[{"href":"https:\/\/elalamoplaya.com\/hostal\/wp-json\/wp\/v2\/media?parent=132"}],"curies":[{"name":"wp","href":"https:\/\/api.w.org\/{rel}","templated":true}]}}